{"id":357,"date":"2021-11-03T16:16:03","date_gmt":"2021-11-03T20:16:03","guid":{"rendered":"https:\/\/internationalneeds.global\/?page_id=357"},"modified":"2022-01-31T10:48:54","modified_gmt":"2022-01-31T15:48:54","slug":"how-we-work","status":"publish","type":"page","link":"https:\/\/internationalneeds.global\/cs\/how-we-work\/","title":{"rendered":"Jak pracujeme"},"content":{"rendered":"<div class=\"wp-block-cover alignfull is-light\" style=\"min-height:450px;aspect-ratio:unset;\"><span aria-hidden=\"true\" class=\"has-neve-text-color-background-color has-background-dim-10 wp-block-cover__gradient-background has-background-dim\"><\/span><img loading=\"lazy\" decoding=\"async\" width=\"2560\" height=\"1707\" class=\"wp-block-cover__image-background wp-image-1327\" alt=\"\" src=\"https:\/\/internationalneeds.global\/wp-content\/uploads\/ceed-photo-6-1-scaled.jpg\" style=\"object-position:36% 65%\" data-object-fit=\"cover\" data-object-position=\"36% 65%\" srcset=\"https:\/\/internationalneeds.global\/wp-content\/uploads\/ceed-photo-6-1-scaled.jpg 2560w, https:\/\/internationalneeds.global\/wp-content\/uploads\/ceed-photo-6-1-300x200.jpg 300w, https:\/\/internationalneeds.global\/wp-content\/uploads\/ceed-photo-6-1-2048x1365.jpg 2048w, https:\/\/internationalneeds.global\/wp-content\/uploads\/ceed-photo-6-1-768x512.jpg 768w, https:\/\/internationalneeds.global\/wp-content\/uploads\/ceed-photo-6-1-1536x1024.jpg 1536w, https:\/\/internationalneeds.global\/wp-content\/uploads\/ceed-photo-6-1-18x12.jpg 18w, https:\/\/internationalneeds.global\/wp-content\/uploads\/ceed-photo-6-1-930x620.jpg 930w\" sizes=\"auto, (max-width: 2560px) 100vw, 2560px\" \/><div class=\"wp-block-cover__inner-container is-layout-flow wp-block-cover-is-layout-flow\">\n<h1 id=\"wp-block-themeisle-blocks-advanced-heading-b8659854\" class=\"wp-block-themeisle-blocks-advanced-heading wp-block-themeisle-blocks-advanced-heading-b8659854\"><strong>JAK PRACUJEME<\/strong><\/h1>\n\n\n\n<p><\/p>\n<\/div><\/div>\n\n\n\n<section class=\"wp-block-themeisle-blocks-advanced-columns alignfull has-2-columns has-desktop-equal-layout has-tablet-equal-layout has-mobile-collapsedRows-layout has-nogap-gap has-vertical-center\" id=\"wp-block-themeisle-blocks-advanced-columns-e7931e5c\"><div class=\"wp-block-themeisle-blocks-advanced-columns-overlay\"><\/div><div class=\"innerblocks-wrap\">\n<div class=\"wp-block-themeisle-blocks-advanced-column\" id=\"wp-block-themeisle-blocks-advanced-column-311d4b3f\">\n<h3 class=\"has-text-align-left has-neve-link-hover-color-color has-text-color wp-block-heading\" id=\"our-approach\"><strong>N\u00e1\u0161 p\u0159\u00edstup<\/strong><\/h3>\n\n\n\n<p>International Needs je glob\u00e1ln\u00ed partnerstv\u00ed. Kl\u00ed\u010dem k na\u0161emu p\u0159\u00edstupu je na\u0161e s\u00ed\u0165 nadan\u00fdch n\u00e1rodn\u00edch v\u016fdc\u016f, kte\u0159\u00ed maj\u00ed silnou vizi a \u00fa\u010del. Jako \u010dlenov\u00e9 v komunit\u00e1ch, kter\u00fdm slou\u017e\u00ed, jsou schopni budovat vztahy zalo\u017een\u00e9 na d\u016fv\u011b\u0159e, poh\u00e1n\u011bn\u00e9 v\u00e1\u0161n\u00ed slou\u017eit sv\u00fdm vlastn\u00edm lidem. Tento p\u0159\u00edstup byl mimo\u0159\u00e1dn\u011b \u00fa\u010dinn\u00fd.<\/p>\n<\/div>\n\n\n\n<div class=\"wp-block-themeisle-blocks-advanced-column\" id=\"wp-block-themeisle-blocks-advanced-column-49224624\">\n<figure class=\"wp-block-image size-large\"><img loading=\"lazy\" decoding=\"async\" width=\"2048\" height=\"1365\" src=\"https:\/\/internationalneeds.global\/wp-content\/uploads\/Congress-6-SLOVAKIA-group-photograph-2048x1365.jpg\" alt=\"\" class=\"wp-image-1123\" srcset=\"https:\/\/internationalneeds.global\/wp-content\/uploads\/Congress-6-SLOVAKIA-group-photograph-2048x1365.jpg 2048w, https:\/\/internationalneeds.global\/wp-content\/uploads\/Congress-6-SLOVAKIA-group-photograph-300x200.jpg 300w, https:\/\/internationalneeds.global\/wp-content\/uploads\/Congress-6-SLOVAKIA-group-photograph-768x512.jpg 768w, https:\/\/internationalneeds.global\/wp-content\/uploads\/Congress-6-SLOVAKIA-group-photograph-1536x1024.jpg 1536w, https:\/\/internationalneeds.global\/wp-content\/uploads\/Congress-6-SLOVAKIA-group-photograph-18x12.jpg 18w, https:\/\/internationalneeds.global\/wp-content\/uploads\/Congress-6-SLOVAKIA-group-photograph-930x620.jpg 930w\" sizes=\"auto, (max-width: 2048px) 100vw, 2048px\" \/><figcaption>Zased\u00e1n\u00ed kongresu na Slovensku \u2013 2019<\/figcaption><\/figure>\n<\/div>\n<\/div><\/section>\n\n\n\n<section class=\"wp-block-themeisle-blocks-advanced-columns alignfull has-2-columns has-desktop-equal-layout has-tablet-equal-layout has-mobile-collapsedRows-layout has-nogap-gap has-vertical-center\" id=\"wp-block-themeisle-blocks-advanced-columns-de72ff39\"><div class=\"wp-block-themeisle-blocks-advanced-columns-overlay\"><\/div><div class=\"innerblocks-wrap\">\n<div class=\"wp-block-themeisle-blocks-advanced-column\" id=\"wp-block-themeisle-blocks-advanced-column-41f6cecb\">\n<figure class=\"wp-block-image size-full\"><img loading=\"lazy\" decoding=\"async\" width=\"2016\" height=\"1512\" src=\"https:\/\/internationalneeds.global\/wp-content\/uploads\/Picture.jpg\" alt=\"\" class=\"wp-image-1124\" srcset=\"https:\/\/internationalneeds.global\/wp-content\/uploads\/Picture.jpg 2016w, https:\/\/internationalneeds.global\/wp-content\/uploads\/Picture-300x225.jpg 300w, https:\/\/internationalneeds.global\/wp-content\/uploads\/Picture-768x576.jpg 768w, https:\/\/internationalneeds.global\/wp-content\/uploads\/Picture-1536x1152.jpg 1536w, https:\/\/internationalneeds.global\/wp-content\/uploads\/Picture-16x12.jpg 16w\" sizes=\"auto, (max-width: 2016px) 100vw, 2016px\" \/><figcaption>Jean a Esaie Kone \u2013 International Needs Burkina Faso<\/figcaption><\/figure>\n<\/div>\n\n\n\n<div class=\"wp-block-themeisle-blocks-advanced-column\" id=\"wp-block-themeisle-blocks-advanced-column-5af0a9d5\">\n<h3 class=\"has-text-align-left has-neve-link-hover-color-color has-text-color wp-block-heading\" id=\"collaboration\"><strong>Spolupr\u00e1ce<\/strong><\/h3>\n\n\n\n<p>Pro ilustraci na\u0161eho modelu mezin\u00e1rodn\u00edho partnerstv\u00ed uve\u010fme zemi Burkina Faso v z\u00e1padn\u00ed Africe. International Needs Burkina Faso (vedouc\u00ed partner) provozuje \u0161koly, l\u00e9ka\u0159sk\u00e9 kliniky a informa\u010dn\u00ed akce. Na\u0161i partne\u0159i podpory na Nov\u00e9m Z\u00e9landu a v USA poskytuj\u00ed podporu akc\u00edm, zat\u00edmco Spojen\u00e9 kr\u00e1lovstv\u00ed poskytuje finan\u010dn\u00ed prost\u0159edky pro kliniku a Kanada podporuje vodn\u00ed projekty. To je kr\u00e1sa na\u0161eho modelu \u2013 n\u011bkolik partner\u016f spolupracuj\u00edc\u00edch pod veden\u00edm Burkiny Faso.<\/p>\n<\/div>\n<\/div><\/section>\n\n\n\n<section class=\"wp-block-themeisle-blocks-advanced-columns alignfull has-2-columns has-desktop-equal-layout has-tablet-equal-layout has-mobile-collapsedRows-layout has-nogap-gap has-vertical-center\" id=\"wp-block-themeisle-blocks-advanced-columns-1a991615\"><div class=\"wp-block-themeisle-blocks-advanced-columns-overlay\"><\/div><div class=\"innerblocks-wrap\">\n<div class=\"wp-block-themeisle-blocks-advanced-column\" id=\"wp-block-themeisle-blocks-advanced-column-49a7bb44\">\n<h3 class=\"has-text-align-left has-neve-link-hover-color-color has-text-color wp-block-heading\" id=\"sustainability\"><strong>udr\u017eitelnost<\/strong><\/h3>\n\n\n\n<p>Zam\u011b\u0159ujeme se na dlouhodob\u00e9 rozvojov\u00e9 projekty a programy, kter\u00e9 maj\u00ed trval\u00e9 dopady. C\u00edlem na\u0161eho n\u00e1vrhu programu je umo\u017enit komunit\u00e1m, aby pokra\u010dovaly samy o sob\u011b dlouho pot\u00e9, co skon\u010d\u00edme.&nbsp;<\/p>\n<\/div>\n\n\n\n<div class=\"wp-block-themeisle-blocks-advanced-column\" id=\"wp-block-themeisle-blocks-advanced-column-8ab6e509\">\n<figure class=\"wp-block-image size-full\"><img loading=\"lazy\" decoding=\"async\" width=\"1954\" height=\"1298\" src=\"https:\/\/internationalneeds.global\/wp-content\/uploads\/as.jpeg\" alt=\"\" class=\"wp-image-495\" srcset=\"https:\/\/internationalneeds.global\/wp-content\/uploads\/as.jpeg 1954w, https:\/\/internationalneeds.global\/wp-content\/uploads\/as-300x199.jpeg 300w, https:\/\/internationalneeds.global\/wp-content\/uploads\/as-768x510.jpeg 768w, https:\/\/internationalneeds.global\/wp-content\/uploads\/as-1536x1020.jpeg 1536w, https:\/\/internationalneeds.global\/wp-content\/uploads\/as-18x12.jpeg 18w\" sizes=\"auto, (max-width: 1954px) 100vw, 1954px\" \/><figcaption>Odborn\u00e9 \u0161kolen\u00ed pro \u017eeny v Banglad\u00e9\u0161i<\/figcaption><\/figure>\n<\/div>\n<\/div><\/section>\n\n\n\n<section class=\"wp-block-themeisle-blocks-advanced-columns alignfull has-2-columns has-desktop-equal-layout has-tablet-equal-layout has-mobile-collapsedRows-layout has-nogap-gap has-vertical-center\" id=\"wp-block-themeisle-blocks-advanced-columns-c5a06076\"><div class=\"wp-block-themeisle-blocks-advanced-columns-overlay\"><\/div><div class=\"innerblocks-wrap\">\n<div class=\"wp-block-themeisle-blocks-advanced-column\" id=\"wp-block-themeisle-blocks-advanced-column-0a90fc93\">\n<figure class=\"wp-block-image size-full\"><img loading=\"lazy\" decoding=\"async\" width=\"2048\" height=\"1357\" src=\"https:\/\/internationalneeds.global\/wp-content\/uploads\/CQWOTdzm-1.jpeg\" alt=\"\" class=\"wp-image-1126\" srcset=\"https:\/\/internationalneeds.global\/wp-content\/uploads\/CQWOTdzm-1.jpeg 2048w, https:\/\/internationalneeds.global\/wp-content\/uploads\/CQWOTdzm-1-300x199.jpeg 300w, https:\/\/internationalneeds.global\/wp-content\/uploads\/CQWOTdzm-1-768x509.jpeg 768w, https:\/\/internationalneeds.global\/wp-content\/uploads\/CQWOTdzm-1-1536x1018.jpeg 1536w, https:\/\/internationalneeds.global\/wp-content\/uploads\/CQWOTdzm-1-18x12.jpeg 18w\" sizes=\"auto, (max-width: 2048px) 100vw, 2048px\" \/><\/figure>\n<\/div>\n\n\n\n<div class=\"wp-block-themeisle-blocks-advanced-column\" id=\"wp-block-themeisle-blocks-advanced-column-8829ae4b\">\n<h3 class=\"has-text-align-left has-neve-link-hover-color-color has-text-color wp-block-heading\" id=\"integrity\"><strong>Integrita<\/strong><\/h3>\n\n\n\n<p>Sna\u017e\u00edme se b\u00fdt otev\u0159en\u00ed, transparentn\u00ed a odpov\u011bdn\u00ed ve v\u0161ech na\u0161ich jedn\u00e1n\u00edch. Neust\u00e1le se kontrolujeme, abychom se ujistili, \u017ee d\u011bl\u00e1me spr\u00e1vn\u00e9 v\u011bci, ze spr\u00e1vn\u00fdch d\u016fvod\u016f a spr\u00e1vn\u00fdm zp\u016fsobem.&nbsp;<\/p>\n<\/div>\n<\/div><\/section>","protected":false},"excerpt":{"rendered":"","protected":false},"author":2,"featured_media":0,"parent":0,"menu_order":0,"comment_status":"closed","ping_status":"closed","template":"","meta":{"neve_meta_sidebar":"","neve_meta_container":"","neve_meta_enable_content_width":"","neve_meta_content_width":0,"neve_meta_title_alignment":"","neve_meta_author_avatar":"","neve_post_elements_order":"","neve_meta_disable_header":"","neve_meta_disable_footer":"","neve_meta_disable_title":"on","_themeisle_gutenberg_block_has_review":false,"_ti_tpc_template_sync":false,"_ti_tpc_template_id":"","footnotes":""},"class_list":["post-357","page","type-page","status-publish","hentry"],"_links":{"self":[{"href":"https:\/\/internationalneeds.global\/cs\/wp-json\/wp\/v2\/pages\/357","targetHints":{"allow":["GET"]}}],"collection":[{"href":"https:\/\/internationalneeds.global\/cs\/wp-json\/wp\/v2\/pages"}],"about":[{"href":"https:\/\/internationalneeds.global\/cs\/wp-json\/wp\/v2\/types\/page"}],"author":[{"embeddable":true,"href":"https:\/\/internationalneeds.global\/cs\/wp-json\/wp\/v2\/users\/2"}],"replies":[{"embeddable":true,"href":"https:\/\/internationalneeds.global\/cs\/wp-json\/wp\/v2\/comments?post=357"}],"version-history":[{"count":43,"href":"https:\/\/internationalneeds.global\/cs\/wp-json\/wp\/v2\/pages\/357\/revisions"}],"predecessor-version":[{"id":1524,"href":"https:\/\/internationalneeds.global\/cs\/wp-json\/wp\/v2\/pages\/357\/revisions\/1524"}],"wp:attachment":[{"href":"https:\/\/internationalneeds.global\/cs\/wp-json\/wp\/v2\/media?parent=357"}],"curies":[{"name":"wp","href":"https:\/\/api.w.org\/{rel}","templated":true}]}}