{"id":319,"date":"2021-10-31T18:54:18","date_gmt":"2021-10-31T22:54:18","guid":{"rendered":"https:\/\/internationalneeds.global\/?page_id=319"},"modified":"2022-01-31T10:49:10","modified_gmt":"2022-01-31T15:49:10","slug":"who-we-are","status":"publish","type":"page","link":"https:\/\/internationalneeds.global\/es\/who-we-are\/","title":{"rendered":"Quienes somos"},"content":{"rendered":"<div class=\"wp-block-cover alignfull\" style=\"min-height:450px;aspect-ratio:unset;\"><span aria-hidden=\"true\" class=\"has-neve-text-color-background-color has-background-dim-10 wp-block-cover__gradient-background has-background-dim\"><\/span><img loading=\"lazy\" decoding=\"async\" width=\"2560\" height=\"1777\" class=\"wp-block-cover__image-background wp-image-673\" alt=\"\" src=\"https:\/\/internationalneeds.global\/wp-content\/uploads\/cYVjuh4Q-1-scaled.jpeg\" style=\"object-position:62% 33%\" data-object-fit=\"cover\" data-object-position=\"62% 33%\" srcset=\"https:\/\/internationalneeds.global\/wp-content\/uploads\/cYVjuh4Q-1-scaled.jpeg 2560w, https:\/\/internationalneeds.global\/wp-content\/uploads\/cYVjuh4Q-1-300x208.jpeg 300w, https:\/\/internationalneeds.global\/wp-content\/uploads\/cYVjuh4Q-1-2048x1422.jpeg 2048w, https:\/\/internationalneeds.global\/wp-content\/uploads\/cYVjuh4Q-1-768x533.jpeg 768w, https:\/\/internationalneeds.global\/wp-content\/uploads\/cYVjuh4Q-1-1536x1066.jpeg 1536w, https:\/\/internationalneeds.global\/wp-content\/uploads\/cYVjuh4Q-1-18x12.jpeg 18w\" sizes=\"auto, (max-width: 2560px) 100vw, 2560px\" \/><div class=\"wp-block-cover__inner-container is-layout-flow wp-block-cover-is-layout-flow\">\n<h1 id=\"wp-block-themeisle-blocks-advanced-heading-b8659854\" class=\"wp-block-themeisle-blocks-advanced-heading wp-block-themeisle-blocks-advanced-heading-b8659854\"><strong>QUIENES SOMOS<\/strong><\/h1>\n\n\n\n<p><\/p>\n<\/div><\/div>\n\n\n\n<section class=\"wp-block-themeisle-blocks-advanced-columns alignfull has-2-columns has-desktop-equal-layout has-tablet-equal-layout has-mobile-collapsedRows-layout has-nogap-gap has-vertical-center\" id=\"wp-block-themeisle-blocks-advanced-columns-065ef03a\"><div class=\"wp-block-themeisle-blocks-advanced-columns-overlay\"><\/div><div class=\"innerblocks-wrap\">\n<div class=\"wp-block-themeisle-blocks-advanced-column\" id=\"wp-block-themeisle-blocks-advanced-column-b5e44864\">\n<h3 class=\"has-text-align-left has-neve-link-hover-color-color has-text-color wp-block-heading\" id=\"how-we-re-organized\"><strong><strong>venimos enamorados<\/strong><\/strong><\/h3>\n\n\n\n<p>Es un honor para m\u00ed servir como el primer Secretario General de International Needs, que est\u00e1 compuesto por m\u00e1s de 30 organizaciones que operan en algunas de las regiones m\u00e1s dif\u00edciles del mundo. En pocas palabras, nuestro prop\u00f3sito es mostrar el amor y la compasi\u00f3n de Dios, ver vidas transformadas y comunidades cambiadas.<\/p>\n\n\n\n<p>Estoy seguro de que estar\u00e1 de acuerdo en que el mundo actual es un lugar rico y diverso, un tapiz de etnias, religiones y creencias. No nos corresponde a nosotros juzgar a nadie diferente de nosotros mismos; en cambio, buscamos la paz y el compa\u00f1erismo con los de todas las tradiciones. Bajo el v\u00ednculo de la verdadera amistad, nos esforzamos por ganarnos la confianza y el privilegio de servir a nuestros vecinos de manera pr\u00e1ctica y relevante.<\/p>\n\n\n\n<p>Nuestra promesa, queridos hermanos y hermanas, es que venimos en amor.  <\/p>\n\n\n\n<p><strong>Edmond Vanderpuye, Secretario General<\/strong><\/p>\n<\/div>\n\n\n\n<div class=\"wp-block-themeisle-blocks-advanced-column\" id=\"wp-block-themeisle-blocks-advanced-column-79ff1426\">\n<figure class=\"wp-block-image size-full is-style-rounded\"><img loading=\"lazy\" decoding=\"async\" width=\"720\" height=\"719\" src=\"https:\/\/internationalneeds.global\/wp-content\/uploads\/EdmondV.jpeg\" alt=\"\" class=\"wp-image-1362\" srcset=\"https:\/\/internationalneeds.global\/wp-content\/uploads\/EdmondV.jpeg 720w, https:\/\/internationalneeds.global\/wp-content\/uploads\/EdmondV-300x300.jpeg 300w, https:\/\/internationalneeds.global\/wp-content\/uploads\/EdmondV-150x150.jpeg 150w, https:\/\/internationalneeds.global\/wp-content\/uploads\/EdmondV-12x12.jpeg 12w\" sizes=\"auto, (max-width: 720px) 100vw, 720px\" \/><\/figure>\n<\/div>\n<\/div><\/section>\n\n\n\n<section class=\"wp-block-themeisle-blocks-advanced-columns alignfull has-2-columns has-desktop-equal-layout has-tablet-equal-layout has-mobile-collapsedRows-layout has-nogap-gap has-vertical-center\" id=\"wp-block-themeisle-blocks-advanced-columns-719b2ae1\"><div class=\"wp-block-themeisle-blocks-advanced-columns-overlay\"><\/div><div class=\"innerblocks-wrap\">\n<div class=\"wp-block-themeisle-blocks-advanced-column\" id=\"wp-block-themeisle-blocks-advanced-column-364f4106\">\n<div class=\"wp-block-image\"><figure class=\"aligncenter size-large\"><img loading=\"lazy\" decoding=\"async\" width=\"1536\" height=\"2048\" src=\"https:\/\/internationalneeds.global\/wp-content\/uploads\/eHOlkLrA-edited-1536x2048.jpeg\" alt=\"\" class=\"wp-image-680\" srcset=\"https:\/\/internationalneeds.global\/wp-content\/uploads\/eHOlkLrA-edited-1536x2048.jpeg 1536w, https:\/\/internationalneeds.global\/wp-content\/uploads\/eHOlkLrA-edited-225x300.jpeg 225w, https:\/\/internationalneeds.global\/wp-content\/uploads\/eHOlkLrA-edited-768x1024.jpeg 768w, https:\/\/internationalneeds.global\/wp-content\/uploads\/eHOlkLrA-edited-1152x1536.jpeg 1152w, https:\/\/internationalneeds.global\/wp-content\/uploads\/eHOlkLrA-edited-9x12.jpeg 9w, https:\/\/internationalneeds.global\/wp-content\/uploads\/eHOlkLrA-edited-scaled.jpeg 1920w\" sizes=\"auto, (max-width: 1536px) 100vw, 1536px\" \/><\/figure><\/div>\n<\/div>\n\n\n\n<div class=\"wp-block-themeisle-blocks-advanced-column\" id=\"wp-block-themeisle-blocks-advanced-column-a29d07fb\">\n<h3 class=\"has-neve-link-hover-color-color has-text-color wp-block-heading\" id=\"our-beliefs-and-commitments\"><strong>Nuestras Creencias y Compromisos<\/strong><\/h3>\n\n\n\n<p>Todo lo que afecta la experiencia humana est\u00e1 cambiando. Y a medida que este cambio se acelera, sentimos el impacto de la globalizaci\u00f3n, la revoluci\u00f3n digital y la creciente influencia del poder econ\u00f3mico y pol\u00edtico. \u00bfC\u00f3mo podemos en buena conciencia permanecer en silencio frente a la pobreza, la guerra, la enfermedad y el cambio clim\u00e1tico? Con todos los desaf\u00edos que enfrenta esta generaci\u00f3n, es nuestro deber responder, y no nos quedaremos de brazos cruzados mientras la gente lucha. &nbsp;<\/p>\n\n\n\n<p>International Needs tiene un coraz\u00f3n para aquellos que claman en la oscuridad de nuestro mundo. Llevamos sanaci\u00f3n a los enfermos, esperanza a los vulnerables, refugio a los refugiados, libertad a los prisioneros, ayuda a las viudas y hu\u00e9rfanos, y justicia a los explotados y oprimidos. Creemos que todos los que sufren pueden ser transformados por el incre\u00edble poder del amor. &nbsp;<\/p>\n\n\n\n<p>Hay un aspecto muy pr\u00e1ctico en nuestro trabajo, donde nos enfocamos en las necesidades f\u00edsicas de los individuos y las comunidades. En un nivel m\u00e1s profundo, operamos de manera hol\u00edstica, en la intersecci\u00f3n de lo f\u00edsico y lo espiritual, donde el reino celestial impregna todo en la tierra. De hecho, la palabra de Dios est\u00e1 en el centro de todo lo que hacemos. Si bien es importante para nosotros vivir nuestra fe, no imponemos nuestras creencias a nadie; ni pedimos nada a cambio. <\/p>\n<\/div>\n<\/div><\/section>\n\n\n\n<section class=\"wp-block-themeisle-blocks-advanced-columns alignfull has-2-columns has-desktop-equal-layout has-tablet-equal-layout has-mobile-collapsedRows-layout has-nogap-gap has-vertical-center\" id=\"wp-block-themeisle-blocks-advanced-columns-0c484a15\"><div class=\"wp-block-themeisle-blocks-advanced-columns-overlay\"><\/div><div class=\"innerblocks-wrap\">\n<div class=\"wp-block-themeisle-blocks-advanced-column\" id=\"wp-block-themeisle-blocks-advanced-column-1cef94b7\">\n<h3 class=\"has-text-align-left has-neve-link-hover-color-color has-text-color wp-block-heading\" id=\"how-we-re-organized\"><strong>C\u00f3mo estamos organizados <\/strong><\/h3>\n\n\n\n<p>International Needs es una federaci\u00f3n formal de socios aut\u00f3nomos que se unen bajo un prop\u00f3sito y estatuto com\u00fan. La organizaci\u00f3n se rige por un <strong>Congreso Internacional de Delegados<\/strong> de los pa\u00edses socios. <\/p>\n\n\n\n<p>Un&nbsp;<strong>Comit\u00e9 Ejecutivo<\/strong>&nbsp;es elegido entre los delegados para brindar orientaci\u00f3n estrat\u00e9gica entre las sesiones del Congreso.<\/p>\n\n\n\n<p>A <strong>Oficina global&nbsp;<\/strong>proporciona coordinaci\u00f3n y apoyo a todos los socios bajo el liderazgo de un Secretario General, actualmente con sede en Ghana.<\/p>\n\n\n\n<p>Cada socio oficial tiene&nbsp;<strong>registro corporativo&nbsp;<\/strong>y un <strong>Junta Directiva<\/strong>. <\/p>\n\n\n\n<p><strong>Socios principales<\/strong> y <strong>Socios de soporte<\/strong>&nbsp;son independientes pero trabajan bilateralmente en programas, proyectos y otras actividades. Estas asociaciones son guiadas por el amor de Dios con el compromiso de ver vidas transformadas y comunidades cambiadas.<\/p>\n\n\n\n<p class=\"has-small-font-size\">International Needs Inc. es una sociedad ben\u00e9fica registrada bajo la ley de Nueva Zelanda y miembro de la Alianza Evang\u00e9lica Mundial.<\/p>\n<\/div>\n\n\n\n<div class=\"wp-block-themeisle-blocks-advanced-column\" id=\"wp-block-themeisle-blocks-advanced-column-8bc5fdbb\">\n<figure class=\"wp-block-image size-full\"><img loading=\"lazy\" decoding=\"async\" width=\"1537\" height=\"1537\" src=\"https:\/\/internationalneeds.global\/wp-content\/uploads\/26BB34F4-A756-4BD9-B1C3-FFE63B55E07F-edited.jpeg\" alt=\"\" class=\"wp-image-964\" srcset=\"https:\/\/internationalneeds.global\/wp-content\/uploads\/26BB34F4-A756-4BD9-B1C3-FFE63B55E07F-edited.jpeg 1537w, https:\/\/internationalneeds.global\/wp-content\/uploads\/26BB34F4-A756-4BD9-B1C3-FFE63B55E07F-edited-300x300.jpeg 300w, https:\/\/internationalneeds.global\/wp-content\/uploads\/26BB34F4-A756-4BD9-B1C3-FFE63B55E07F-edited-150x150.jpeg 150w, https:\/\/internationalneeds.global\/wp-content\/uploads\/26BB34F4-A756-4BD9-B1C3-FFE63B55E07F-edited-768x768.jpeg 768w, https:\/\/internationalneeds.global\/wp-content\/uploads\/26BB34F4-A756-4BD9-B1C3-FFE63B55E07F-edited-12x12.jpeg 12w\" sizes=\"auto, (max-width: 1537px) 100vw, 1537px\" \/><\/figure>\n\n\n\n<p id=\"wp-block-themeisle-blocks-advanced-heading-0ee22def\" class=\"wp-block-themeisle-blocks-advanced-heading wp-block-themeisle-blocks-advanced-heading-0ee22def\">Congreso 2019<\/p>\n<\/div>\n<\/div><\/section>\n\n\n\n<section class=\"wp-block-themeisle-blocks-advanced-columns alignfull has-2-columns has-desktop-equal-layout has-tablet-equal-layout has-mobile-collapsedRows-layout has-nogap-gap has-vertical-center\" id=\"wp-block-themeisle-blocks-advanced-columns-de72ff39\"><div class=\"wp-block-themeisle-blocks-advanced-columns-overlay\"><\/div><div class=\"innerblocks-wrap\">\n<div class=\"wp-block-themeisle-blocks-advanced-column\" id=\"wp-block-themeisle-blocks-advanced-column-41f6cecb\">\n<div class=\"wp-block-image\"><figure class=\"aligncenter size-full\"><img loading=\"lazy\" decoding=\"async\" width=\"988\" height=\"688\" src=\"https:\/\/internationalneeds.global\/wp-content\/uploads\/INFounders.jpeg\" alt=\"\" class=\"wp-image-1389\" srcset=\"https:\/\/internationalneeds.global\/wp-content\/uploads\/INFounders.jpeg 988w, https:\/\/internationalneeds.global\/wp-content\/uploads\/INFounders-300x209.jpeg 300w, https:\/\/internationalneeds.global\/wp-content\/uploads\/INFounders-768x535.jpeg 768w, https:\/\/internationalneeds.global\/wp-content\/uploads\/INFounders-18x12.jpeg 18w\" sizes=\"auto, (max-width: 988px) 100vw, 988px\" \/><\/figure><\/div>\n<\/div>\n\n\n\n<div class=\"wp-block-themeisle-blocks-advanced-column\" id=\"wp-block-themeisle-blocks-advanced-column-5af0a9d5\">\n<h3 class=\"has-text-align-left has-neve-link-hover-color-color has-text-color wp-block-heading\" id=\"our-history-and-heritage\"><strong>Nuestra Historia y Patrimonio<\/strong><\/h3>\n\n\n\n<p>International Needs Inc. fue fundada en 1974 por Ray Harrison, quien trabaj\u00f3 apasionadamente para desarrollar una nueva forma de ministerio que reuniera a socios cristianos de todo el mundo. El modelo, revolucionario en ese momento, se bas\u00f3 en socios ind\u00edgenas para liderar la misi\u00f3n local y el trabajo de desarrollo, con socios globales desempe\u00f1ando un papel de apoyo.<\/p>\n\n\n\n<p>La idea se bas\u00f3 en la noci\u00f3n de que aquellos que viven en una comunidad est\u00e1n en la mejor posici\u00f3n para buscar la transformaci\u00f3n dentro de su cultura y contexto. Este enfoque es ahora un est\u00e1ndar aceptado para el desarrollo global. <\/p>\n\n\n\n<p>Estamos agradecidos con Ray por su visi\u00f3n y su fiel liderazgo de servicio. Fue llamado a casa en el cielo en 2019, pero su legado sigue vivo en muchas vidas y comunidades de todo el mundo, y celebramos una vida vivida para la gloria de Dios.<\/p>\n<\/div>\n<\/div><\/section>","protected":false},"excerpt":{"rendered":"","protected":false},"author":2,"featured_media":0,"parent":0,"menu_order":0,"comment_status":"closed","ping_status":"closed","template":"","meta":{"neve_meta_sidebar":"","neve_meta_container":"","neve_meta_enable_content_width":"","neve_meta_content_width":0,"neve_meta_title_alignment":"","neve_meta_author_avatar":"","neve_post_elements_order":"","neve_meta_disable_header":"","neve_meta_disable_footer":"","neve_meta_disable_title":"on","_themeisle_gutenberg_block_has_review":false,"_ti_tpc_template_sync":false,"_ti_tpc_template_id":"","footnotes":""},"class_list":["post-319","page","type-page","status-publish","hentry"],"_links":{"self":[{"href":"https:\/\/internationalneeds.global\/es\/wp-json\/wp\/v2\/pages\/319","targetHints":{"allow":["GET"]}}],"collection":[{"href":"https:\/\/internationalneeds.global\/es\/wp-json\/wp\/v2\/pages"}],"about":[{"href":"https:\/\/internationalneeds.global\/es\/wp-json\/wp\/v2\/types\/page"}],"author":[{"embeddable":true,"href":"https:\/\/internationalneeds.global\/es\/wp-json\/wp\/v2\/users\/2"}],"replies":[{"embeddable":true,"href":"https:\/\/internationalneeds.global\/es\/wp-json\/wp\/v2\/comments?post=319"}],"version-history":[{"count":89,"href":"https:\/\/internationalneeds.global\/es\/wp-json\/wp\/v2\/pages\/319\/revisions"}],"predecessor-version":[{"id":1414,"href":"https:\/\/internationalneeds.global\/es\/wp-json\/wp\/v2\/pages\/319\/revisions\/1414"}],"wp:attachment":[{"href":"https:\/\/internationalneeds.global\/es\/wp-json\/wp\/v2\/media?parent=319"}],"curies":[{"name":"gracias","href":"https:\/\/api.w.org\/{rel}","templated":true}]}}