{"id":357,"date":"2021-11-03T16:16:03","date_gmt":"2021-11-03T20:16:03","guid":{"rendered":"https:\/\/internationalneeds.global\/?page_id=357"},"modified":"2022-01-31T10:48:54","modified_gmt":"2022-01-31T15:48:54","slug":"how-we-work","status":"publish","type":"page","link":"https:\/\/internationalneeds.global\/es\/how-we-work\/","title":{"rendered":"C\u00f3mo trabajamos"},"content":{"rendered":"<div class=\"wp-block-cover alignfull is-light\" style=\"min-height:450px;aspect-ratio:unset;\"><span aria-hidden=\"true\" class=\"has-neve-text-color-background-color has-background-dim-10 wp-block-cover__gradient-background has-background-dim\"><\/span><img loading=\"lazy\" decoding=\"async\" width=\"2560\" height=\"1707\" class=\"wp-block-cover__image-background wp-image-1327\" alt=\"\" src=\"https:\/\/internationalneeds.global\/wp-content\/uploads\/ceed-photo-6-1-scaled.jpg\" style=\"object-position:36% 65%\" data-object-fit=\"cover\" data-object-position=\"36% 65%\" srcset=\"https:\/\/internationalneeds.global\/wp-content\/uploads\/ceed-photo-6-1-scaled.jpg 2560w, https:\/\/internationalneeds.global\/wp-content\/uploads\/ceed-photo-6-1-300x200.jpg 300w, https:\/\/internationalneeds.global\/wp-content\/uploads\/ceed-photo-6-1-2048x1365.jpg 2048w, https:\/\/internationalneeds.global\/wp-content\/uploads\/ceed-photo-6-1-768x512.jpg 768w, https:\/\/internationalneeds.global\/wp-content\/uploads\/ceed-photo-6-1-1536x1024.jpg 1536w, https:\/\/internationalneeds.global\/wp-content\/uploads\/ceed-photo-6-1-18x12.jpg 18w, https:\/\/internationalneeds.global\/wp-content\/uploads\/ceed-photo-6-1-930x620.jpg 930w\" sizes=\"auto, (max-width: 2560px) 100vw, 2560px\" \/><div class=\"wp-block-cover__inner-container is-layout-flow wp-block-cover-is-layout-flow\">\n<h1 id=\"wp-block-themeisle-blocks-advanced-heading-b8659854\" class=\"wp-block-themeisle-blocks-advanced-heading wp-block-themeisle-blocks-advanced-heading-b8659854\"><strong>C\u00d3MO TRABAJAMOS<\/strong><\/h1>\n\n\n\n<p><\/p>\n<\/div><\/div>\n\n\n\n<section class=\"wp-block-themeisle-blocks-advanced-columns alignfull has-2-columns has-desktop-equal-layout has-tablet-equal-layout has-mobile-collapsedRows-layout has-nogap-gap has-vertical-center\" id=\"wp-block-themeisle-blocks-advanced-columns-e7931e5c\"><div class=\"wp-block-themeisle-blocks-advanced-columns-overlay\"><\/div><div class=\"innerblocks-wrap\">\n<div class=\"wp-block-themeisle-blocks-advanced-column\" id=\"wp-block-themeisle-blocks-advanced-column-311d4b3f\">\n<h3 class=\"has-text-align-left has-neve-link-hover-color-color has-text-color wp-block-heading\" id=\"our-approach\"><strong>Nuestro Enfoque<\/strong><\/h3>\n\n\n\n<p>International Needs es una asociaci\u00f3n mundial. La clave de nuestro enfoque es nuestra red de l\u00edderes nacionales talentosos que tienen una visi\u00f3n y un prop\u00f3sito s\u00f3lidos. Como miembros de las comunidades a las que sirven, pueden construir relaciones de confianza, impulsados por la pasi\u00f3n de ministrar a su propia gente. Este enfoque ha sido extremadamente efectivo.<\/p>\n<\/div>\n\n\n\n<div class=\"wp-block-themeisle-blocks-advanced-column\" id=\"wp-block-themeisle-blocks-advanced-column-49224624\">\n<figure class=\"wp-block-image size-large\"><img loading=\"lazy\" decoding=\"async\" width=\"2048\" height=\"1365\" src=\"https:\/\/internationalneeds.global\/wp-content\/uploads\/Congress-6-SLOVAKIA-group-photograph-2048x1365.jpg\" alt=\"\" class=\"wp-image-1123\" srcset=\"https:\/\/internationalneeds.global\/wp-content\/uploads\/Congress-6-SLOVAKIA-group-photograph-2048x1365.jpg 2048w, https:\/\/internationalneeds.global\/wp-content\/uploads\/Congress-6-SLOVAKIA-group-photograph-300x200.jpg 300w, https:\/\/internationalneeds.global\/wp-content\/uploads\/Congress-6-SLOVAKIA-group-photograph-768x512.jpg 768w, https:\/\/internationalneeds.global\/wp-content\/uploads\/Congress-6-SLOVAKIA-group-photograph-1536x1024.jpg 1536w, https:\/\/internationalneeds.global\/wp-content\/uploads\/Congress-6-SLOVAKIA-group-photograph-18x12.jpg 18w, https:\/\/internationalneeds.global\/wp-content\/uploads\/Congress-6-SLOVAKIA-group-photograph-930x620.jpg 930w\" sizes=\"auto, (max-width: 2048px) 100vw, 2048px\" \/><figcaption>Reuni\u00f3n del Congreso en Eslovaquia - 2019<\/figcaption><\/figure>\n<\/div>\n<\/div><\/section>\n\n\n\n<section class=\"wp-block-themeisle-blocks-advanced-columns alignfull has-2-columns has-desktop-equal-layout has-tablet-equal-layout has-mobile-collapsedRows-layout has-nogap-gap has-vertical-center\" id=\"wp-block-themeisle-blocks-advanced-columns-de72ff39\"><div class=\"wp-block-themeisle-blocks-advanced-columns-overlay\"><\/div><div class=\"innerblocks-wrap\">\n<div class=\"wp-block-themeisle-blocks-advanced-column\" id=\"wp-block-themeisle-blocks-advanced-column-41f6cecb\">\n<figure class=\"wp-block-image size-full\"><img loading=\"lazy\" decoding=\"async\" width=\"2016\" height=\"1512\" src=\"https:\/\/internationalneeds.global\/wp-content\/uploads\/Picture.jpg\" alt=\"\" class=\"wp-image-1124\" srcset=\"https:\/\/internationalneeds.global\/wp-content\/uploads\/Picture.jpg 2016w, https:\/\/internationalneeds.global\/wp-content\/uploads\/Picture-300x225.jpg 300w, https:\/\/internationalneeds.global\/wp-content\/uploads\/Picture-768x576.jpg 768w, https:\/\/internationalneeds.global\/wp-content\/uploads\/Picture-1536x1152.jpg 1536w, https:\/\/internationalneeds.global\/wp-content\/uploads\/Picture-16x12.jpg 16w\" sizes=\"auto, (max-width: 2016px) 100vw, 2016px\" \/><figcaption>Jean y Esaie Kone \u2013 International Needs Burkina Faso<\/figcaption><\/figure>\n<\/div>\n\n\n\n<div class=\"wp-block-themeisle-blocks-advanced-column\" id=\"wp-block-themeisle-blocks-advanced-column-5af0a9d5\">\n<h3 class=\"has-text-align-left has-neve-link-hover-color-color has-text-color wp-block-heading\" id=\"collaboration\"><strong>Colaboraci\u00f3n<\/strong><\/h3>\n\n\n\n<p>Para ilustrar nuestro modelo de asociaci\u00f3n internacional, considere el pa\u00eds de Burkina Faso en \u00c1frica occidental. International Needs Burkina Faso (un socio l\u00edder) opera escuelas, cl\u00ednicas m\u00e9dicas y eventos de divulgaci\u00f3n. Nuestros socios de apoyo en Nueva Zelanda y EE. UU. brindan apoyo para los eventos, mientras que el Reino Unido proporciona fondos para la cl\u00ednica y Canad\u00e1 apoya proyectos de agua. Esta es la belleza de nuestro modelo: m\u00faltiples socios que trabajan juntos bajo el liderazgo de Burkina Faso.<\/p>\n<\/div>\n<\/div><\/section>\n\n\n\n<section class=\"wp-block-themeisle-blocks-advanced-columns alignfull has-2-columns has-desktop-equal-layout has-tablet-equal-layout has-mobile-collapsedRows-layout has-nogap-gap has-vertical-center\" id=\"wp-block-themeisle-blocks-advanced-columns-1a991615\"><div class=\"wp-block-themeisle-blocks-advanced-columns-overlay\"><\/div><div class=\"innerblocks-wrap\">\n<div class=\"wp-block-themeisle-blocks-advanced-column\" id=\"wp-block-themeisle-blocks-advanced-column-49a7bb44\">\n<h3 class=\"has-text-align-left has-neve-link-hover-color-color has-text-color wp-block-heading\" id=\"sustainability\"><strong>Sustentabilidad<\/strong><\/h3>\n\n\n\n<p>Nos enfocamos en proyectos y programas de desarrollo a largo plazo que tienen impactos duraderos. El objetivo del dise\u00f1o de nuestro programa es capacitar a las comunidades para que contin\u00faen por s\u00ed mismas mucho despu\u00e9s de que nuestra parte haya terminado.&nbsp;<\/p>\n<\/div>\n\n\n\n<div class=\"wp-block-themeisle-blocks-advanced-column\" id=\"wp-block-themeisle-blocks-advanced-column-8ab6e509\">\n<figure class=\"wp-block-image size-full\"><img loading=\"lazy\" decoding=\"async\" width=\"1954\" height=\"1298\" src=\"https:\/\/internationalneeds.global\/wp-content\/uploads\/as.jpeg\" alt=\"\" class=\"wp-image-495\" srcset=\"https:\/\/internationalneeds.global\/wp-content\/uploads\/as.jpeg 1954w, https:\/\/internationalneeds.global\/wp-content\/uploads\/as-300x199.jpeg 300w, https:\/\/internationalneeds.global\/wp-content\/uploads\/as-768x510.jpeg 768w, https:\/\/internationalneeds.global\/wp-content\/uploads\/as-1536x1020.jpeg 1536w, https:\/\/internationalneeds.global\/wp-content\/uploads\/as-18x12.jpeg 18w\" sizes=\"auto, (max-width: 1954px) 100vw, 1954px\" \/><figcaption>Formaci\u00f3n profesional para mujeres en Bangladesh<\/figcaption><\/figure>\n<\/div>\n<\/div><\/section>\n\n\n\n<section class=\"wp-block-themeisle-blocks-advanced-columns alignfull has-2-columns has-desktop-equal-layout has-tablet-equal-layout has-mobile-collapsedRows-layout has-nogap-gap has-vertical-center\" id=\"wp-block-themeisle-blocks-advanced-columns-c5a06076\"><div class=\"wp-block-themeisle-blocks-advanced-columns-overlay\"><\/div><div class=\"innerblocks-wrap\">\n<div class=\"wp-block-themeisle-blocks-advanced-column\" id=\"wp-block-themeisle-blocks-advanced-column-0a90fc93\">\n<figure class=\"wp-block-image size-full\"><img loading=\"lazy\" decoding=\"async\" width=\"2048\" height=\"1357\" src=\"https:\/\/internationalneeds.global\/wp-content\/uploads\/CQWOTdzm-1.jpeg\" alt=\"\" class=\"wp-image-1126\" srcset=\"https:\/\/internationalneeds.global\/wp-content\/uploads\/CQWOTdzm-1.jpeg 2048w, https:\/\/internationalneeds.global\/wp-content\/uploads\/CQWOTdzm-1-300x199.jpeg 300w, https:\/\/internationalneeds.global\/wp-content\/uploads\/CQWOTdzm-1-768x509.jpeg 768w, https:\/\/internationalneeds.global\/wp-content\/uploads\/CQWOTdzm-1-1536x1018.jpeg 1536w, https:\/\/internationalneeds.global\/wp-content\/uploads\/CQWOTdzm-1-18x12.jpeg 18w\" sizes=\"auto, (max-width: 2048px) 100vw, 2048px\" \/><\/figure>\n<\/div>\n\n\n\n<div class=\"wp-block-themeisle-blocks-advanced-column\" id=\"wp-block-themeisle-blocks-advanced-column-8829ae4b\">\n<h3 class=\"has-text-align-left has-neve-link-hover-color-color has-text-color wp-block-heading\" id=\"integrity\"><strong>Integridad<\/strong><\/h3>\n\n\n\n<p>Nos esforzamos por ser abiertos, transparentes y responsables en todos nuestros tratos. Nos controlamos constantemente para asegurarnos de que estamos haciendo las cosas correctas, por las razones correctas, de la manera correcta.&nbsp;<\/p>\n<\/div>\n<\/div><\/section>","protected":false},"excerpt":{"rendered":"","protected":false},"author":2,"featured_media":0,"parent":0,"menu_order":0,"comment_status":"closed","ping_status":"closed","template":"","meta":{"neve_meta_sidebar":"","neve_meta_container":"","neve_meta_enable_content_width":"","neve_meta_content_width":0,"neve_meta_title_alignment":"","neve_meta_author_avatar":"","neve_post_elements_order":"","neve_meta_disable_header":"","neve_meta_disable_footer":"","neve_meta_disable_title":"on","_themeisle_gutenberg_block_has_review":false,"_ti_tpc_template_sync":false,"_ti_tpc_template_id":"","footnotes":""},"class_list":["post-357","page","type-page","status-publish","hentry"],"_links":{"self":[{"href":"https:\/\/internationalneeds.global\/es\/wp-json\/wp\/v2\/pages\/357","targetHints":{"allow":["GET"]}}],"collection":[{"href":"https:\/\/internationalneeds.global\/es\/wp-json\/wp\/v2\/pages"}],"about":[{"href":"https:\/\/internationalneeds.global\/es\/wp-json\/wp\/v2\/types\/page"}],"author":[{"embeddable":true,"href":"https:\/\/internationalneeds.global\/es\/wp-json\/wp\/v2\/users\/2"}],"replies":[{"embeddable":true,"href":"https:\/\/internationalneeds.global\/es\/wp-json\/wp\/v2\/comments?post=357"}],"version-history":[{"count":43,"href":"https:\/\/internationalneeds.global\/es\/wp-json\/wp\/v2\/pages\/357\/revisions"}],"predecessor-version":[{"id":1524,"href":"https:\/\/internationalneeds.global\/es\/wp-json\/wp\/v2\/pages\/357\/revisions\/1524"}],"wp:attachment":[{"href":"https:\/\/internationalneeds.global\/es\/wp-json\/wp\/v2\/media?parent=357"}],"curies":[{"name":"gracias","href":"https:\/\/api.w.org\/{rel}","templated":true}]}}