{"id":319,"date":"2021-10-31T18:54:18","date_gmt":"2021-10-31T22:54:18","guid":{"rendered":"https:\/\/internationalneeds.global\/?page_id=319"},"modified":"2022-01-31T10:49:10","modified_gmt":"2022-01-31T15:49:10","slug":"who-we-are","status":"publish","type":"page","link":"https:\/\/internationalneeds.global\/fr\/who-we-are\/","title":{"rendered":"Qui nous sommes"},"content":{"rendered":"<div class=\"wp-block-cover alignfull\" style=\"min-height:450px;aspect-ratio:unset;\"><span aria-hidden=\"true\" class=\"has-neve-text-color-background-color has-background-dim-10 wp-block-cover__gradient-background has-background-dim\"><\/span><img loading=\"lazy\" decoding=\"async\" width=\"2560\" height=\"1777\" class=\"wp-block-cover__image-background wp-image-673\" alt=\"\" src=\"https:\/\/internationalneeds.global\/wp-content\/uploads\/cYVjuh4Q-1-scaled.jpeg\" style=\"object-position:62% 33%\" data-object-fit=\"cover\" data-object-position=\"62% 33%\" srcset=\"https:\/\/internationalneeds.global\/wp-content\/uploads\/cYVjuh4Q-1-scaled.jpeg 2560w, https:\/\/internationalneeds.global\/wp-content\/uploads\/cYVjuh4Q-1-300x208.jpeg 300w, https:\/\/internationalneeds.global\/wp-content\/uploads\/cYVjuh4Q-1-2048x1422.jpeg 2048w, https:\/\/internationalneeds.global\/wp-content\/uploads\/cYVjuh4Q-1-768x533.jpeg 768w, https:\/\/internationalneeds.global\/wp-content\/uploads\/cYVjuh4Q-1-1536x1066.jpeg 1536w, https:\/\/internationalneeds.global\/wp-content\/uploads\/cYVjuh4Q-1-18x12.jpeg 18w\" sizes=\"auto, (max-width: 2560px) 100vw, 2560px\" \/><div class=\"wp-block-cover__inner-container is-layout-flow wp-block-cover-is-layout-flow\">\n<h1 id=\"wp-block-themeisle-blocks-advanced-heading-b8659854\" class=\"wp-block-themeisle-blocks-advanced-heading wp-block-themeisle-blocks-advanced-heading-b8659854\"><strong>QUI NOUS SOMMES<\/strong><\/h1>\n\n\n\n<p><\/p>\n<\/div><\/div>\n\n\n\n<section class=\"wp-block-themeisle-blocks-advanced-columns alignfull has-2-columns has-desktop-equal-layout has-tablet-equal-layout has-mobile-collapsedRows-layout has-nogap-gap has-vertical-center\" id=\"wp-block-themeisle-blocks-advanced-columns-065ef03a\"><div class=\"wp-block-themeisle-blocks-advanced-columns-overlay\"><\/div><div class=\"innerblocks-wrap\">\n<div class=\"wp-block-themeisle-blocks-advanced-column\" id=\"wp-block-themeisle-blocks-advanced-column-b5e44864\">\n<h3 class=\"has-text-align-left has-neve-link-hover-color-color has-text-color wp-block-heading\" id=\"how-we-re-organized\"><strong><strong>Nous venons amoureux<\/strong><\/strong><\/h3>\n\n\n\n<p>J&#039;ai l&#039;honneur de servir en tant que premier secr\u00e9taire g\u00e9n\u00e9ral de International Needs, qui est compos\u00e9 de plus de 30 organisations op\u00e9rant dans certaines des r\u00e9gions les plus difficiles du monde. En termes simples, notre objectif est de montrer l&#039;amour et la compassion de Dieu, de voir des vies transform\u00e9es et des communaut\u00e9s chang\u00e9es.<\/p>\n\n\n\n<p>Je suis s\u00fbr que vous conviendrez que le monde d&#039;aujourd&#039;hui est un endroit riche et diversifi\u00e9, une tapisserie d&#039;ethnies, de religions et de croyances. Ce n&#039;est pas \u00e0 nous de juger quelqu&#039;un de diff\u00e9rent de nous-m\u00eames ; au lieu de cela, nous recherchons la paix et la communion avec ceux de toutes les traditions. Sous le lien d&#039;une v\u00e9ritable amiti\u00e9, nous nous effor\u00e7ons de gagner la confiance et le privil\u00e8ge de servir nos voisins de mani\u00e8re pratique et pertinente.<\/p>\n\n\n\n<p>Notre promesse, chers fr\u00e8res et s\u0153urs, c&#039;est que nous venons dans l&#039;amour.  <\/p>\n\n\n\n<p><strong>Edmond Vanderpuye, secr\u00e9taire g\u00e9n\u00e9ral<\/strong><\/p>\n<\/div>\n\n\n\n<div class=\"wp-block-themeisle-blocks-advanced-column\" id=\"wp-block-themeisle-blocks-advanced-column-79ff1426\">\n<figure class=\"wp-block-image size-full is-style-rounded\"><img loading=\"lazy\" decoding=\"async\" width=\"720\" height=\"719\" src=\"https:\/\/internationalneeds.global\/wp-content\/uploads\/EdmondV.jpeg\" alt=\"\" class=\"wp-image-1362\" srcset=\"https:\/\/internationalneeds.global\/wp-content\/uploads\/EdmondV.jpeg 720w, https:\/\/internationalneeds.global\/wp-content\/uploads\/EdmondV-300x300.jpeg 300w, https:\/\/internationalneeds.global\/wp-content\/uploads\/EdmondV-150x150.jpeg 150w, https:\/\/internationalneeds.global\/wp-content\/uploads\/EdmondV-12x12.jpeg 12w\" sizes=\"auto, (max-width: 720px) 100vw, 720px\" \/><\/figure>\n<\/div>\n<\/div><\/section>\n\n\n\n<section class=\"wp-block-themeisle-blocks-advanced-columns alignfull has-2-columns has-desktop-equal-layout has-tablet-equal-layout has-mobile-collapsedRows-layout has-nogap-gap has-vertical-center\" id=\"wp-block-themeisle-blocks-advanced-columns-719b2ae1\"><div class=\"wp-block-themeisle-blocks-advanced-columns-overlay\"><\/div><div class=\"innerblocks-wrap\">\n<div class=\"wp-block-themeisle-blocks-advanced-column\" id=\"wp-block-themeisle-blocks-advanced-column-364f4106\">\n<div class=\"wp-block-image\"><figure class=\"aligncenter size-large\"><img loading=\"lazy\" decoding=\"async\" width=\"1536\" height=\"2048\" src=\"https:\/\/internationalneeds.global\/wp-content\/uploads\/eHOlkLrA-edited-1536x2048.jpeg\" alt=\"\" class=\"wp-image-680\" srcset=\"https:\/\/internationalneeds.global\/wp-content\/uploads\/eHOlkLrA-edited-1536x2048.jpeg 1536w, https:\/\/internationalneeds.global\/wp-content\/uploads\/eHOlkLrA-edited-225x300.jpeg 225w, https:\/\/internationalneeds.global\/wp-content\/uploads\/eHOlkLrA-edited-768x1024.jpeg 768w, https:\/\/internationalneeds.global\/wp-content\/uploads\/eHOlkLrA-edited-1152x1536.jpeg 1152w, https:\/\/internationalneeds.global\/wp-content\/uploads\/eHOlkLrA-edited-9x12.jpeg 9w, https:\/\/internationalneeds.global\/wp-content\/uploads\/eHOlkLrA-edited-scaled.jpeg 1920w\" sizes=\"auto, (max-width: 1536px) 100vw, 1536px\" \/><\/figure><\/div>\n<\/div>\n\n\n\n<div class=\"wp-block-themeisle-blocks-advanced-column\" id=\"wp-block-themeisle-blocks-advanced-column-a29d07fb\">\n<h3 class=\"has-neve-link-hover-color-color has-text-color wp-block-heading\" id=\"our-beliefs-and-commitments\"><strong>Nos convictions et engagements<\/strong><\/h3>\n\n\n\n<p>Tout ce qui affecte l&#039;exp\u00e9rience humaine est en train de changer. Et \u00e0 mesure que ce changement s&#039;acc\u00e9l\u00e8re, nous ressentons l&#039;impact de la mondialisation, de la r\u00e9volution num\u00e9rique et de l&#039;influence croissante du pouvoir \u00e9conomique et politique. Comment pouvons-nous en toute bonne conscience rester silencieux face \u00e0 la pauvret\u00e9, la guerre, la maladie et le changement climatique ? Avec tous les d\u00e9fis auxquels cette g\u00e9n\u00e9ration est confront\u00e9e, il est de notre devoir de r\u00e9pondre, et nous ne resterons pas les bras crois\u00e9s pendant que les gens luttent. &nbsp;<\/p>\n\n\n\n<p>International Needs a un c\u0153ur pour ceux qui crient dans les t\u00e9n\u00e8bres de notre monde. Nous apportons la gu\u00e9rison aux malades, l&#039;espoir aux personnes vuln\u00e9rables, un abri au r\u00e9fugi\u00e9, la libert\u00e9 au prisonnier, l&#039;aide aux veuves et aux orphelins, et la justice aux exploit\u00e9s et aux opprim\u00e9s. Nous croyons que tous ceux qui souffrent peuvent \u00eatre transform\u00e9s par l&#039;incroyable pouvoir de l&#039;amour. &nbsp;<\/p>\n\n\n\n<p>Il y a un aspect tr\u00e8s pratique dans notre travail, o\u00f9 nous nous concentrons sur les besoins physiques des individus et des communaut\u00e9s. \u00c0 un niveau plus profond, nous op\u00e9rons de mani\u00e8re holistique, \u00e0 l&#039;intersection du physique et du spirituel, o\u00f9 le royaume c\u00e9leste impr\u00e8gne tout sur terre. En effet, la parole de Dieu est au c\u0153ur de tout ce que nous faisons. Bien qu&#039;il soit important pour nous de vivre notre foi, nous n&#039;imposons nos croyances \u00e0 personne ; nous ne demandons rien en retour. <\/p>\n<\/div>\n<\/div><\/section>\n\n\n\n<section class=\"wp-block-themeisle-blocks-advanced-columns alignfull has-2-columns has-desktop-equal-layout has-tablet-equal-layout has-mobile-collapsedRows-layout has-nogap-gap has-vertical-center\" id=\"wp-block-themeisle-blocks-advanced-columns-0c484a15\"><div class=\"wp-block-themeisle-blocks-advanced-columns-overlay\"><\/div><div class=\"innerblocks-wrap\">\n<div class=\"wp-block-themeisle-blocks-advanced-column\" id=\"wp-block-themeisle-blocks-advanced-column-1cef94b7\">\n<h3 class=\"has-text-align-left has-neve-link-hover-color-color has-text-color wp-block-heading\" id=\"how-we-re-organized\"><strong>Comment nous sommes organis\u00e9s <\/strong><\/h3>\n\n\n\n<p>International Needs est une f\u00e9d\u00e9ration formelle de partenaires autonomes qui s&#039;unissent sous un objectif et une charte communs. L&#039;organisation est r\u00e9gie par un <strong>Congr\u00e8s international des d\u00e9l\u00e9gu\u00e9s<\/strong> des pays partenaires. <\/p>\n\n\n\n<p>Un&nbsp;<strong>Comit\u00e9 ex\u00e9cutif<\/strong>&nbsp;est \u00e9lu parmi les d\u00e9l\u00e9gu\u00e9s pour fournir une orientation strat\u00e9gique entre les sessions du Congr\u00e8s.<\/p>\n\n\n\n<p>UNE <strong>Bureau mondial&nbsp;<\/strong>assure la coordination et le soutien \u00e0 tous les partenaires sous la direction d&#039;un secr\u00e9taire g\u00e9n\u00e9ral, actuellement bas\u00e9 au Ghana.<\/p>\n\n\n\n<p>Chaque partenaire officiel a&nbsp;<strong>enregistrement d&#039;entreprise&nbsp;<\/strong>et un <strong>Conseil d&#039;administration<\/strong>. <\/p>\n\n\n\n<p><strong>Partenaires chefs de file<\/strong> et <strong>Partenaires d&#039;assistance<\/strong>&nbsp;sont ind\u00e9pendants mais travaillent de mani\u00e8re bilat\u00e9rale sur des programmes, des projets et d&#039;autres activit\u00e9s. Ces partenariats sont guid\u00e9s par l&#039;amour de Dieu avec un engagement \u00e0 voir des vies transform\u00e9es et des communaut\u00e9s chang\u00e9es.<\/p>\n\n\n\n<p class=\"has-small-font-size\">International Needs Inc. est une soci\u00e9t\u00e9 caritative enregistr\u00e9e en vertu de la loi n\u00e9o-z\u00e9landaise et membre de l&#039;Alliance \u00e9vang\u00e9lique mondiale.<\/p>\n<\/div>\n\n\n\n<div class=\"wp-block-themeisle-blocks-advanced-column\" id=\"wp-block-themeisle-blocks-advanced-column-8bc5fdbb\">\n<figure class=\"wp-block-image size-full\"><img loading=\"lazy\" decoding=\"async\" width=\"1537\" height=\"1537\" src=\"https:\/\/internationalneeds.global\/wp-content\/uploads\/26BB34F4-A756-4BD9-B1C3-FFE63B55E07F-edited.jpeg\" alt=\"\" class=\"wp-image-964\" srcset=\"https:\/\/internationalneeds.global\/wp-content\/uploads\/26BB34F4-A756-4BD9-B1C3-FFE63B55E07F-edited.jpeg 1537w, https:\/\/internationalneeds.global\/wp-content\/uploads\/26BB34F4-A756-4BD9-B1C3-FFE63B55E07F-edited-300x300.jpeg 300w, https:\/\/internationalneeds.global\/wp-content\/uploads\/26BB34F4-A756-4BD9-B1C3-FFE63B55E07F-edited-150x150.jpeg 150w, https:\/\/internationalneeds.global\/wp-content\/uploads\/26BB34F4-A756-4BD9-B1C3-FFE63B55E07F-edited-768x768.jpeg 768w, https:\/\/internationalneeds.global\/wp-content\/uploads\/26BB34F4-A756-4BD9-B1C3-FFE63B55E07F-edited-12x12.jpeg 12w\" sizes=\"auto, (max-width: 1537px) 100vw, 1537px\" \/><\/figure>\n\n\n\n<p id=\"wp-block-themeisle-blocks-advanced-heading-0ee22def\" class=\"wp-block-themeisle-blocks-advanced-heading wp-block-themeisle-blocks-advanced-heading-0ee22def\">Congr\u00e8s 2019<\/p>\n<\/div>\n<\/div><\/section>\n\n\n\n<section class=\"wp-block-themeisle-blocks-advanced-columns alignfull has-2-columns has-desktop-equal-layout has-tablet-equal-layout has-mobile-collapsedRows-layout has-nogap-gap has-vertical-center\" id=\"wp-block-themeisle-blocks-advanced-columns-de72ff39\"><div class=\"wp-block-themeisle-blocks-advanced-columns-overlay\"><\/div><div class=\"innerblocks-wrap\">\n<div class=\"wp-block-themeisle-blocks-advanced-column\" id=\"wp-block-themeisle-blocks-advanced-column-41f6cecb\">\n<div class=\"wp-block-image\"><figure class=\"aligncenter size-full\"><img loading=\"lazy\" decoding=\"async\" width=\"988\" height=\"688\" src=\"https:\/\/internationalneeds.global\/wp-content\/uploads\/INFounders.jpeg\" alt=\"\" class=\"wp-image-1389\" srcset=\"https:\/\/internationalneeds.global\/wp-content\/uploads\/INFounders.jpeg 988w, https:\/\/internationalneeds.global\/wp-content\/uploads\/INFounders-300x209.jpeg 300w, https:\/\/internationalneeds.global\/wp-content\/uploads\/INFounders-768x535.jpeg 768w, https:\/\/internationalneeds.global\/wp-content\/uploads\/INFounders-18x12.jpeg 18w\" sizes=\"auto, (max-width: 988px) 100vw, 988px\" \/><\/figure><\/div>\n<\/div>\n\n\n\n<div class=\"wp-block-themeisle-blocks-advanced-column\" id=\"wp-block-themeisle-blocks-advanced-column-5af0a9d5\">\n<h3 class=\"has-text-align-left has-neve-link-hover-color-color has-text-color wp-block-heading\" id=\"our-history-and-heritage\"><strong>Notre histoire et notre patrimoine<\/strong><\/h3>\n\n\n\n<p>International Needs Inc. a \u00e9t\u00e9 fond\u00e9e en 1974 par Ray Harrison, qui a travaill\u00e9 avec passion pour d\u00e9velopper une nouvelle forme de minist\u00e8re rassemblant des partenaires chr\u00e9tiens du monde entier. Le mod\u00e8le, r\u00e9volutionnaire \u00e0 l&#039;\u00e9poque, reposait sur des partenaires autochtones pour diriger la mission locale et le travail de d\u00e9veloppement, les partenaires mondiaux jouant un r\u00f4le de soutien.<\/p>\n\n\n\n<p>L&#039;id\u00e9e \u00e9tait bas\u00e9e sur la notion que ceux qui vivent dans une communaut\u00e9 sont les mieux plac\u00e9s pour poursuivre la transformation au sein de leur culture et de leur contexte. Cette approche est maintenant une norme accept\u00e9e pour le d\u00e9veloppement mondial. <\/p>\n\n\n\n<p>Nous sommes reconnaissants \u00e0 Ray pour sa vision et son leadership fid\u00e8le. Il a \u00e9t\u00e9 appel\u00e9 au paradis en 2019, mais son h\u00e9ritage perdure dans de nombreuses vies et communaut\u00e9s \u00e0 travers le monde, et nous c\u00e9l\u00e9brons une vie v\u00e9cue \u00e0 la gloire de Dieu.<\/p>\n<\/div>\n<\/div><\/section>","protected":false},"excerpt":{"rendered":"","protected":false},"author":2,"featured_media":0,"parent":0,"menu_order":0,"comment_status":"closed","ping_status":"closed","template":"","meta":{"neve_meta_sidebar":"","neve_meta_container":"","neve_meta_enable_content_width":"","neve_meta_content_width":0,"neve_meta_title_alignment":"","neve_meta_author_avatar":"","neve_post_elements_order":"","neve_meta_disable_header":"","neve_meta_disable_footer":"","neve_meta_disable_title":"on","_themeisle_gutenberg_block_has_review":false,"_ti_tpc_template_sync":false,"_ti_tpc_template_id":"","footnotes":""},"class_list":["post-319","page","type-page","status-publish","hentry"],"_links":{"self":[{"href":"https:\/\/internationalneeds.global\/fr\/wp-json\/wp\/v2\/pages\/319","targetHints":{"allow":["GET"]}}],"collection":[{"href":"https:\/\/internationalneeds.global\/fr\/wp-json\/wp\/v2\/pages"}],"about":[{"href":"https:\/\/internationalneeds.global\/fr\/wp-json\/wp\/v2\/types\/page"}],"author":[{"embeddable":true,"href":"https:\/\/internationalneeds.global\/fr\/wp-json\/wp\/v2\/users\/2"}],"replies":[{"embeddable":true,"href":"https:\/\/internationalneeds.global\/fr\/wp-json\/wp\/v2\/comments?post=319"}],"version-history":[{"count":89,"href":"https:\/\/internationalneeds.global\/fr\/wp-json\/wp\/v2\/pages\/319\/revisions"}],"predecessor-version":[{"id":1414,"href":"https:\/\/internationalneeds.global\/fr\/wp-json\/wp\/v2\/pages\/319\/revisions\/1414"}],"wp:attachment":[{"href":"https:\/\/internationalneeds.global\/fr\/wp-json\/wp\/v2\/media?parent=319"}],"curies":[{"name":"wp","href":"https:\/\/api.w.org\/{rel}","templated":true}]}}