{"id":357,"date":"2021-11-03T16:16:03","date_gmt":"2021-11-03T20:16:03","guid":{"rendered":"https:\/\/internationalneeds.global\/?page_id=357"},"modified":"2022-01-31T10:48:54","modified_gmt":"2022-01-31T15:48:54","slug":"how-we-work","status":"publish","type":"page","link":"https:\/\/internationalneeds.global\/fr\/how-we-work\/","title":{"rendered":"Comment nous travaillons"},"content":{"rendered":"<div class=\"wp-block-cover alignfull is-light\" style=\"min-height:450px;aspect-ratio:unset;\"><span aria-hidden=\"true\" class=\"has-neve-text-color-background-color has-background-dim-10 wp-block-cover__gradient-background has-background-dim\"><\/span><img loading=\"lazy\" decoding=\"async\" width=\"2560\" height=\"1707\" class=\"wp-block-cover__image-background wp-image-1327\" alt=\"\" src=\"https:\/\/internationalneeds.global\/wp-content\/uploads\/ceed-photo-6-1-scaled.jpg\" style=\"object-position:36% 65%\" data-object-fit=\"cover\" data-object-position=\"36% 65%\" srcset=\"https:\/\/internationalneeds.global\/wp-content\/uploads\/ceed-photo-6-1-scaled.jpg 2560w, https:\/\/internationalneeds.global\/wp-content\/uploads\/ceed-photo-6-1-300x200.jpg 300w, https:\/\/internationalneeds.global\/wp-content\/uploads\/ceed-photo-6-1-2048x1365.jpg 2048w, https:\/\/internationalneeds.global\/wp-content\/uploads\/ceed-photo-6-1-768x512.jpg 768w, https:\/\/internationalneeds.global\/wp-content\/uploads\/ceed-photo-6-1-1536x1024.jpg 1536w, https:\/\/internationalneeds.global\/wp-content\/uploads\/ceed-photo-6-1-18x12.jpg 18w, https:\/\/internationalneeds.global\/wp-content\/uploads\/ceed-photo-6-1-930x620.jpg 930w\" sizes=\"auto, (max-width: 2560px) 100vw, 2560px\" \/><div class=\"wp-block-cover__inner-container is-layout-flow wp-block-cover-is-layout-flow\">\n<h1 id=\"wp-block-themeisle-blocks-advanced-heading-b8659854\" class=\"wp-block-themeisle-blocks-advanced-heading wp-block-themeisle-blocks-advanced-heading-b8659854\"><strong>COMMENT NOUS TRAVAILLONS<\/strong><\/h1>\n\n\n\n<p><\/p>\n<\/div><\/div>\n\n\n\n<section class=\"wp-block-themeisle-blocks-advanced-columns alignfull has-2-columns has-desktop-equal-layout has-tablet-equal-layout has-mobile-collapsedRows-layout has-nogap-gap has-vertical-center\" id=\"wp-block-themeisle-blocks-advanced-columns-e7931e5c\"><div class=\"wp-block-themeisle-blocks-advanced-columns-overlay\"><\/div><div class=\"innerblocks-wrap\">\n<div class=\"wp-block-themeisle-blocks-advanced-column\" id=\"wp-block-themeisle-blocks-advanced-column-311d4b3f\">\n<h3 class=\"has-text-align-left has-neve-link-hover-color-color has-text-color wp-block-heading\" id=\"our-approach\"><strong>Notre approche<\/strong><\/h3>\n\n\n\n<p>International Needs est un partenariat mondial. La cl\u00e9 de notre approche est notre r\u00e9seau de leaders nationaux talentueux qui ont une vision et un objectif solides. En tant que membres au sein des communaut\u00e9s qu&#039;ils servent, ils sont capables d&#039;\u00e9tablir des relations de confiance, anim\u00e9s par la passion de servir leur propre peuple. Cette approche a \u00e9t\u00e9 extr\u00eamement efficace.<\/p>\n<\/div>\n\n\n\n<div class=\"wp-block-themeisle-blocks-advanced-column\" id=\"wp-block-themeisle-blocks-advanced-column-49224624\">\n<figure class=\"wp-block-image size-large\"><img loading=\"lazy\" decoding=\"async\" width=\"2048\" height=\"1365\" src=\"https:\/\/internationalneeds.global\/wp-content\/uploads\/Congress-6-SLOVAKIA-group-photograph-2048x1365.jpg\" alt=\"\" class=\"wp-image-1123\" srcset=\"https:\/\/internationalneeds.global\/wp-content\/uploads\/Congress-6-SLOVAKIA-group-photograph-2048x1365.jpg 2048w, https:\/\/internationalneeds.global\/wp-content\/uploads\/Congress-6-SLOVAKIA-group-photograph-300x200.jpg 300w, https:\/\/internationalneeds.global\/wp-content\/uploads\/Congress-6-SLOVAKIA-group-photograph-768x512.jpg 768w, https:\/\/internationalneeds.global\/wp-content\/uploads\/Congress-6-SLOVAKIA-group-photograph-1536x1024.jpg 1536w, https:\/\/internationalneeds.global\/wp-content\/uploads\/Congress-6-SLOVAKIA-group-photograph-18x12.jpg 18w, https:\/\/internationalneeds.global\/wp-content\/uploads\/Congress-6-SLOVAKIA-group-photograph-930x620.jpg 930w\" sizes=\"auto, (max-width: 2048px) 100vw, 2048px\" \/><figcaption>R\u00e9union du Congr\u00e8s en Slovaquie \u2013 2019<\/figcaption><\/figure>\n<\/div>\n<\/div><\/section>\n\n\n\n<section class=\"wp-block-themeisle-blocks-advanced-columns alignfull has-2-columns has-desktop-equal-layout has-tablet-equal-layout has-mobile-collapsedRows-layout has-nogap-gap has-vertical-center\" id=\"wp-block-themeisle-blocks-advanced-columns-de72ff39\"><div class=\"wp-block-themeisle-blocks-advanced-columns-overlay\"><\/div><div class=\"innerblocks-wrap\">\n<div class=\"wp-block-themeisle-blocks-advanced-column\" id=\"wp-block-themeisle-blocks-advanced-column-41f6cecb\">\n<figure class=\"wp-block-image size-full\"><img loading=\"lazy\" decoding=\"async\" width=\"2016\" height=\"1512\" src=\"https:\/\/internationalneeds.global\/wp-content\/uploads\/Picture.jpg\" alt=\"\" class=\"wp-image-1124\" srcset=\"https:\/\/internationalneeds.global\/wp-content\/uploads\/Picture.jpg 2016w, https:\/\/internationalneeds.global\/wp-content\/uploads\/Picture-300x225.jpg 300w, https:\/\/internationalneeds.global\/wp-content\/uploads\/Picture-768x576.jpg 768w, https:\/\/internationalneeds.global\/wp-content\/uploads\/Picture-1536x1152.jpg 1536w, https:\/\/internationalneeds.global\/wp-content\/uploads\/Picture-16x12.jpg 16w\" sizes=\"auto, (max-width: 2016px) 100vw, 2016px\" \/><figcaption>Jean et Esaie Kon\u00e9 \u2013 International Needs Burkina Faso<\/figcaption><\/figure>\n<\/div>\n\n\n\n<div class=\"wp-block-themeisle-blocks-advanced-column\" id=\"wp-block-themeisle-blocks-advanced-column-5af0a9d5\">\n<h3 class=\"has-text-align-left has-neve-link-hover-color-color has-text-color wp-block-heading\" id=\"collaboration\"><strong>Collaboration<\/strong><\/h3>\n\n\n\n<p>Pour illustrer notre mod\u00e8le de partenariat international, consid\u00e9rons le pays du Burkina Faso en Afrique de l&#039;Ouest. International Needs Burkina Faso (un partenaire principal) g\u00e8re des \u00e9coles, des cliniques m\u00e9dicales et des \u00e9v\u00e9nements de proximit\u00e9. Nos partenaires de soutien en Nouvelle-Z\u00e9lande et aux \u00c9tats-Unis fournissent un soutien pour les \u00e9v\u00e9nements, tandis que le Royaume-Uni finance la clinique et que le Canada soutient des projets d&#039;eau. C&#039;est la beaut\u00e9 de notre mod\u00e8le \u2013 de multiples partenaires travaillant ensemble sous la direction du Burkina Faso.<\/p>\n<\/div>\n<\/div><\/section>\n\n\n\n<section class=\"wp-block-themeisle-blocks-advanced-columns alignfull has-2-columns has-desktop-equal-layout has-tablet-equal-layout has-mobile-collapsedRows-layout has-nogap-gap has-vertical-center\" id=\"wp-block-themeisle-blocks-advanced-columns-1a991615\"><div class=\"wp-block-themeisle-blocks-advanced-columns-overlay\"><\/div><div class=\"innerblocks-wrap\">\n<div class=\"wp-block-themeisle-blocks-advanced-column\" id=\"wp-block-themeisle-blocks-advanced-column-49a7bb44\">\n<h3 class=\"has-text-align-left has-neve-link-hover-color-color has-text-color wp-block-heading\" id=\"sustainability\"><strong>Durabilit\u00e9<\/strong><\/h3>\n\n\n\n<p>Nous nous concentrons sur des projets et programmes de d\u00e9veloppement \u00e0 long terme qui ont des impacts durables. L&#039;objectif de la conception de notre programme est de permettre aux communaut\u00e9s de continuer d&#039;elles-m\u00eames longtemps apr\u00e8s que notre part soit termin\u00e9e.&nbsp;<\/p>\n<\/div>\n\n\n\n<div class=\"wp-block-themeisle-blocks-advanced-column\" id=\"wp-block-themeisle-blocks-advanced-column-8ab6e509\">\n<figure class=\"wp-block-image size-full\"><img loading=\"lazy\" decoding=\"async\" width=\"1954\" height=\"1298\" src=\"https:\/\/internationalneeds.global\/wp-content\/uploads\/as.jpeg\" alt=\"\" class=\"wp-image-495\" srcset=\"https:\/\/internationalneeds.global\/wp-content\/uploads\/as.jpeg 1954w, https:\/\/internationalneeds.global\/wp-content\/uploads\/as-300x199.jpeg 300w, https:\/\/internationalneeds.global\/wp-content\/uploads\/as-768x510.jpeg 768w, https:\/\/internationalneeds.global\/wp-content\/uploads\/as-1536x1020.jpeg 1536w, https:\/\/internationalneeds.global\/wp-content\/uploads\/as-18x12.jpeg 18w\" sizes=\"auto, (max-width: 1954px) 100vw, 1954px\" \/><figcaption>Formation professionnelle pour les femmes au Bangladesh<\/figcaption><\/figure>\n<\/div>\n<\/div><\/section>\n\n\n\n<section class=\"wp-block-themeisle-blocks-advanced-columns alignfull has-2-columns has-desktop-equal-layout has-tablet-equal-layout has-mobile-collapsedRows-layout has-nogap-gap has-vertical-center\" id=\"wp-block-themeisle-blocks-advanced-columns-c5a06076\"><div class=\"wp-block-themeisle-blocks-advanced-columns-overlay\"><\/div><div class=\"innerblocks-wrap\">\n<div class=\"wp-block-themeisle-blocks-advanced-column\" id=\"wp-block-themeisle-blocks-advanced-column-0a90fc93\">\n<figure class=\"wp-block-image size-full\"><img loading=\"lazy\" decoding=\"async\" width=\"2048\" height=\"1357\" src=\"https:\/\/internationalneeds.global\/wp-content\/uploads\/CQWOTdzm-1.jpeg\" alt=\"\" class=\"wp-image-1126\" srcset=\"https:\/\/internationalneeds.global\/wp-content\/uploads\/CQWOTdzm-1.jpeg 2048w, https:\/\/internationalneeds.global\/wp-content\/uploads\/CQWOTdzm-1-300x199.jpeg 300w, https:\/\/internationalneeds.global\/wp-content\/uploads\/CQWOTdzm-1-768x509.jpeg 768w, https:\/\/internationalneeds.global\/wp-content\/uploads\/CQWOTdzm-1-1536x1018.jpeg 1536w, https:\/\/internationalneeds.global\/wp-content\/uploads\/CQWOTdzm-1-18x12.jpeg 18w\" sizes=\"auto, (max-width: 2048px) 100vw, 2048px\" \/><\/figure>\n<\/div>\n\n\n\n<div class=\"wp-block-themeisle-blocks-advanced-column\" id=\"wp-block-themeisle-blocks-advanced-column-8829ae4b\">\n<h3 class=\"has-text-align-left has-neve-link-hover-color-color has-text-color wp-block-heading\" id=\"integrity\"><strong>Int\u00e9grit\u00e9<\/strong><\/h3>\n\n\n\n<p>Nous nous effor\u00e7ons d&#039;\u00eatre ouverts, transparents et responsables dans toutes nos transactions. Nous nous v\u00e9rifions constamment pour nous assurer que nous faisons les bonnes choses, pour les bonnes raisons, de la bonne mani\u00e8re.&nbsp;<\/p>\n<\/div>\n<\/div><\/section>","protected":false},"excerpt":{"rendered":"","protected":false},"author":2,"featured_media":0,"parent":0,"menu_order":0,"comment_status":"closed","ping_status":"closed","template":"","meta":{"neve_meta_sidebar":"","neve_meta_container":"","neve_meta_enable_content_width":"","neve_meta_content_width":0,"neve_meta_title_alignment":"","neve_meta_author_avatar":"","neve_post_elements_order":"","neve_meta_disable_header":"","neve_meta_disable_footer":"","neve_meta_disable_title":"on","_themeisle_gutenberg_block_has_review":false,"_ti_tpc_template_sync":false,"_ti_tpc_template_id":"","footnotes":""},"class_list":["post-357","page","type-page","status-publish","hentry"],"_links":{"self":[{"href":"https:\/\/internationalneeds.global\/fr\/wp-json\/wp\/v2\/pages\/357","targetHints":{"allow":["GET"]}}],"collection":[{"href":"https:\/\/internationalneeds.global\/fr\/wp-json\/wp\/v2\/pages"}],"about":[{"href":"https:\/\/internationalneeds.global\/fr\/wp-json\/wp\/v2\/types\/page"}],"author":[{"embeddable":true,"href":"https:\/\/internationalneeds.global\/fr\/wp-json\/wp\/v2\/users\/2"}],"replies":[{"embeddable":true,"href":"https:\/\/internationalneeds.global\/fr\/wp-json\/wp\/v2\/comments?post=357"}],"version-history":[{"count":43,"href":"https:\/\/internationalneeds.global\/fr\/wp-json\/wp\/v2\/pages\/357\/revisions"}],"predecessor-version":[{"id":1524,"href":"https:\/\/internationalneeds.global\/fr\/wp-json\/wp\/v2\/pages\/357\/revisions\/1524"}],"wp:attachment":[{"href":"https:\/\/internationalneeds.global\/fr\/wp-json\/wp\/v2\/media?parent=357"}],"curies":[{"name":"wp","href":"https:\/\/api.w.org\/{rel}","templated":true}]}}